{"id":1430,"date":"2018-10-16T05:00:50","date_gmt":"2018-10-16T05:00:50","guid":{"rendered":"https:\/\/demos.famethemes.com\/onepress\/wpforms-preview\/"},"modified":"2024-10-07T10:43:40","modified_gmt":"2024-10-07T10:43:40","slug":"wpforms-preview-2","status":"publish","type":"page","link":"https:\/\/www.frozenlogistic.com\/?page_id=1430","title":{"rendered":"Contacta con nosotros"},"content":{"rendered":"<div class=\"wpforms-container wpforms-container-full\" id=\"wpforms-1431\"><form id=\"wpforms-form-1431\" class=\"wpforms-validate wpforms-form\" data-formid=\"1431\" method=\"post\" enctype=\"multipart\/form-data\" action=\"\/index.php?rest_route=%2Fwp%2Fv2%2Fpages%2F1430\" data-token=\"e77e5993821e3ebd986f6b9ca799d43b\" data-token-time=\"1776364431\"><noscript class=\"wpforms-error-noscript\">Por favor, activa JavaScript en tu navegador para completar este formulario.<\/noscript><div class=\"wpforms-field-container\"><div id=\"wpforms-1431-field_0-container\" class=\"wpforms-field wpforms-field-name\" data-field-id=\"0\"><label class=\"wpforms-field-label\">Nombre <span class=\"wpforms-required-label\">*<\/span><\/label><div class=\"wpforms-field-row wpforms-field-medium\"><div class=\"wpforms-field-row-block wpforms-first wpforms-one-half\"><input type=\"text\" id=\"wpforms-1431-field_0\" class=\"wpforms-field-name-first wpforms-field-required\" name=\"wpforms[fields][0][first]\" required><label for=\"wpforms-1431-field_0\" class=\"wpforms-field-sublabel after\">Nombre<\/label><\/div><div class=\"wpforms-field-row-block wpforms-one-half\"><input type=\"text\" id=\"wpforms-1431-field_0-last\" class=\"wpforms-field-name-last wpforms-field-required\" name=\"wpforms[fields][0][last]\" required><label for=\"wpforms-1431-field_0-last\" class=\"wpforms-field-sublabel after\">Apellidos<\/label><\/div><\/div><\/div><div id=\"wpforms-1431-field_1-container\" class=\"wpforms-field wpforms-field-email\" data-field-id=\"1\"><label class=\"wpforms-field-label\" for=\"wpforms-1431-field_1\">Correo electr\u00f3nico <span class=\"wpforms-required-label\">*<\/span><\/label><input type=\"email\" id=\"wpforms-1431-field_1\" class=\"wpforms-field-medium wpforms-field-required\" name=\"wpforms[fields][1]\" spellcheck=\"false\" required><\/div><div id=\"wpforms-1431-field_2-container\" class=\"wpforms-field wpforms-field-textarea\" data-field-id=\"2\"><label class=\"wpforms-field-label\" for=\"wpforms-1431-field_2\">Observaciones<\/label><textarea id=\"wpforms-1431-field_2\" class=\"wpforms-field-medium\" name=\"wpforms[fields][2]\" ><\/textarea><\/div><\/div><!-- .wpforms-field-container --><div class=\"wpforms-recaptcha-container wpforms-is-recaptcha wpforms-is-recaptcha-type-v2\" ><div class=\"g-recaptcha\" data-sitekey=\"6Ld_5sYqAAAAABPHRwOUOgddNqyTyfDS3WETu--4\"><\/div><input type=\"text\" name=\"g-recaptcha-hidden\" class=\"wpforms-recaptcha-hidden\" style=\"position:absolute!important;clip:rect(0,0,0,0)!important;height:1px!important;width:1px!important;border:0!important;overflow:hidden!important;padding:0!important;margin:0!important;\" data-rule-recaptcha=\"1\"><\/div><div class=\"wpforms-submit-container\" ><input type=\"hidden\" name=\"wpforms[id]\" value=\"1431\"><input type=\"hidden\" name=\"page_title\" value=\"\"><input type=\"hidden\" name=\"page_url\" value=\"https:\/\/www.frozenlogistic.com\/index.php?rest_route=\/wp\/v2\/pages\/1430\"><input type=\"hidden\" name=\"url_referer\" value=\"\">\t\t<div id=\"cf-turnstile-wpf-1193000735\"\r\n\t\tclass=\"cf-turnstile\" \t\tdata-sitekey=\"0x4AAAAAAAGSmegl_B3N_5FC\"\r\n\t\tdata-theme=\"light\"\r\n\t\tdata-language=\"auto\"\r\n\t\tdata-size=\"normal\"\r\n\t\tdata-retry=\"auto\" data-retry-interval=\"1000\"\r\n\t\tdata-refresh-expired=\"auto\"\r\n\t\tdata-action=\"wpforms-1431\"\r\n\t\t\t\tdata-appearance=\"always\"><\/div>\r\n\t\t\t<script>document.addEventListener(\"DOMContentLoaded\", function() { setTimeout(function(){ var e=document.getElementById(\"cf-turnstile-wpf-1193000735\"); e&&!e.innerHTML.trim()&&(turnstile.remove(\"#cf-turnstile-wpf-1193000735\"), turnstile.render(\"#cf-turnstile-wpf-1193000735\", {sitekey:\"0x4AAAAAAAGSmegl_B3N_5FC\"})); }, 100); });<\/script>\r\n\t\t\t<br class=\"cf-turnstile-br cf-turnstile-br-wpf-1193000735\">\r\n\t\t\t\t<style>#cf-turnstile-wpf-1193000735 { margin-left: -15px; }<\/style>\r\n\t\t<button type=\"submit\" name=\"wpforms[submit]\" id=\"wpforms-submit-1431\" class=\"wpforms-submit\" aria-live=\"assertive\" value=\"wpforms-submit\">Enviar<\/button><\/div><\/form><\/div>  <!-- .wpforms-container -->\n\n\n\n<p>FROZEN LOGISTIC, S.L. (B93393445) garantiza la protecci\u00f3n y confidencialidad de los datos personales que nos proporcionen de acuerdo con lo dispuesto en el RGPD 2016\/679, la LOPDGDD 3\/2018 y la LSSICE 34\/2002. Le informamos que su direcci\u00f3n de correo electr\u00f3nico, as\u00ed como el resto de los datos de car\u00e1cter personal, tienen la finalidad de gestionar las comunicaciones por v\u00eda electr\u00f3nica. La base legal est\u00e1 amparada en el art. 6.1.c) del RGPD. No se ceder\u00e1n datos a terceros, salvo obligaci\u00f3n legal. Usted podr\u00e1 ejercer sus derechos de acceso, rectificaci\u00f3n, supresi\u00f3n, oposici\u00f3n, limitaci\u00f3n o portabilidad en los t\u00e9rminos establecidos en el RGPD contactando con FROZEN LOGISTIC, S.L. en la direcci\u00f3n C\/ Hemingway, N\u00ba 43 P.I. Guadalhorce, 29004 \u2013 M\u00e1laga y\/o en el email info@frozenlogistic.com. Si no es atendido en su ejercicio de derechos puede reclamar ante la autoridad de control (AEPD). &nbsp;Puede obtener informaci\u00f3n adicional sobre el tratamiento de sus datos personales &nbsp;en las instalaciones de FROZEN LOGISTIC, S.L.<\/p>\n\n\n\n<p>El contenido de esta comunicaci\u00f3n, as\u00ed como el de toda la documentaci\u00f3n anexa, es confidencial y va dirigido \u00fanicamente al destinatario del mismo. En el supuesto de que usted no fuera el destinatario, le solicitamos que nos lo indique y no comunique su contenido a terceros, procediendo a su destrucci\u00f3n.<\/p>\n\n\n\n<p>Con el fin de preservar el medio ambiente, por favor, no imprima este correo salvo que sea necesario, gracias.<\/p>\n","protected":false},"excerpt":{"rendered":"<p>FROZEN LOGISTIC, S.L. (B93393445) garantiza la protecci\u00f3n y confidencialidad de los datos personales que nos proporcionen de acuerdo con lo dispuesto en el RGPD 2016\/679, la LOPDGDD 3\/2018 y la &#8230;<\/p>\n","protected":false},"author":1,"featured_media":1465,"parent":0,"menu_order":0,"comment_status":"closed","ping_status":"closed","template":"template-fullwidth.php","meta":{"footnotes":""},"class_list":["post-1430","page","type-page","status-publish","has-post-thumbnail","hentry"],"_links":{"self":[{"href":"https:\/\/www.frozenlogistic.com\/index.php?rest_route=\/wp\/v2\/pages\/1430","targetHints":{"allow":["GET"]}}],"collection":[{"href":"https:\/\/www.frozenlogistic.com\/index.php?rest_route=\/wp\/v2\/pages"}],"about":[{"href":"https:\/\/www.frozenlogistic.com\/index.php?rest_route=\/wp\/v2\/types\/page"}],"author":[{"embeddable":true,"href":"https:\/\/www.frozenlogistic.com\/index.php?rest_route=\/wp\/v2\/users\/1"}],"replies":[{"embeddable":true,"href":"https:\/\/www.frozenlogistic.com\/index.php?rest_route=%2Fwp%2Fv2%2Fcomments&post=1430"}],"version-history":[{"count":8,"href":"https:\/\/www.frozenlogistic.com\/index.php?rest_route=\/wp\/v2\/pages\/1430\/revisions"}],"predecessor-version":[{"id":1677,"href":"https:\/\/www.frozenlogistic.com\/index.php?rest_route=\/wp\/v2\/pages\/1430\/revisions\/1677"}],"wp:featuredmedia":[{"embeddable":true,"href":"https:\/\/www.frozenlogistic.com\/index.php?rest_route=\/wp\/v2\/media\/1465"}],"wp:attachment":[{"href":"https:\/\/www.frozenlogistic.com\/index.php?rest_route=%2Fwp%2Fv2%2Fmedia&parent=1430"}],"curies":[{"name":"wp","href":"https:\/\/api.w.org\/{rel}","templated":true}]}}