{"id":1462,"date":"2019-01-16T09:10:37","date_gmt":"2019-01-16T09:10:37","guid":{"rendered":"https:\/\/www.frozenlogistic.com\/?page_id=1462"},"modified":"2019-01-16T09:26:27","modified_gmt":"2019-01-16T09:26:27","slug":"sobre-nuestra-empresa","status":"publish","type":"page","link":"https:\/\/www.frozenlogistic.com\/?page_id=1462","title":{"rendered":"Sobre Nuestra Empresa"},"content":{"rendered":"\n<p class=\"has-medium-font-size\">Frozen Logistic<\/p>\n\n\n\n<p>Empresa familiar fundada en 2015, por personal con m\u00e1s de 20 a\u00f1os de experiencia en el sector&nbsp; de la Log\u00edstica en Fr\u00edo, situada en la calle Hemingway 43 (M\u00e1laga).<\/p>\n","protected":false},"excerpt":{"rendered":"<p>Frozen Logistic Empresa familiar fundada en 2015, por personal con m\u00e1s de 20 a\u00f1os de experiencia en el sector&nbsp; de la Log\u00edstica en Fr\u00edo, situada en la calle Hemingway 43 &#8230;<\/p>\n","protected":false},"author":1,"featured_media":1465,"parent":0,"menu_order":0,"comment_status":"closed","ping_status":"closed","template":"template-fullwidth.php","meta":{"footnotes":""},"class_list":["post-1462","page","type-page","status-publish","has-post-thumbnail","hentry"],"_links":{"self":[{"href":"https:\/\/www.frozenlogistic.com\/index.php?rest_route=\/wp\/v2\/pages\/1462","targetHints":{"allow":["GET"]}}],"collection":[{"href":"https:\/\/www.frozenlogistic.com\/index.php?rest_route=\/wp\/v2\/pages"}],"about":[{"href":"https:\/\/www.frozenlogistic.com\/index.php?rest_route=\/wp\/v2\/types\/page"}],"author":[{"embeddable":true,"href":"https:\/\/www.frozenlogistic.com\/index.php?rest_route=\/wp\/v2\/users\/1"}],"replies":[{"embeddable":true,"href":"https:\/\/www.frozenlogistic.com\/index.php?rest_route=%2Fwp%2Fv2%2Fcomments&post=1462"}],"version-history":[{"count":6,"href":"https:\/\/www.frozenlogistic.com\/index.php?rest_route=\/wp\/v2\/pages\/1462\/revisions"}],"predecessor-version":[{"id":1480,"href":"https:\/\/www.frozenlogistic.com\/index.php?rest_route=\/wp\/v2\/pages\/1462\/revisions\/1480"}],"wp:featuredmedia":[{"embeddable":true,"href":"https:\/\/www.frozenlogistic.com\/index.php?rest_route=\/wp\/v2\/media\/1465"}],"wp:attachment":[{"href":"https:\/\/www.frozenlogistic.com\/index.php?rest_route=%2Fwp%2Fv2%2Fmedia&parent=1462"}],"curies":[{"name":"wp","href":"https:\/\/api.w.org\/{rel}","templated":true}]}}