{"id":1590,"date":"2022-05-16T11:55:54","date_gmt":"2022-05-16T11:55:54","guid":{"rendered":"https:\/\/www.frozenlogistic.com\/?page_id=1590"},"modified":"2022-05-16T11:55:55","modified_gmt":"2022-05-16T11:55:55","slug":"politica-de-calidad","status":"publish","type":"page","link":"https:\/\/www.frozenlogistic.com\/?page_id=1590","title":{"rendered":"Pol\u00edtica de calidad"},"content":{"rendered":"\n<p><strong>FROZEN LOGISTIC<\/strong> <strong>S.L.<\/strong> es una empresa dedicadaal <strong>\u201c<\/strong><strong>Transporte por carretera y almacenamiento de productos alimenticios a temperatura controlada<\/strong>\u201d, como empresa, ponemos a disposici\u00f3n de nuestros clientes nuestra amplia experiencia e id\u00f3nea infraestructura para prestar el mejor servicio, para cumplir tal finalidad, como organizaci\u00f3n hemos asumido la implementaci\u00f3n de un <strong>Sistema de Gesti\u00f3n de Calidad y Seguridad del producto<\/strong> basado en la norma <strong>IFS Log\u00edstica<\/strong>, adoptando como propios los principios en los que se basa, que son los siguientes:<\/p>\n\n\n\n<ul class=\"wp-block-list\"><li>Orientaci\u00f3n hacia la <strong>satisfacci\u00f3n de todos nuestros clientes<\/strong> mediante el compromiso en cumplir con sus necesidades, requisitos y la seguridad de los productos transportados\/almacenados. As\u00ed como cumplir con los requisitos legales aplicables.<\/li><li>La <strong>responsabilidad <\/strong>con la Calidad y la Seguridad Alimentaria es de <strong>todos los integrantes de la empresa <\/strong>empezando desde la Direcci\u00f3n.<\/li><li>La Calidad y la Seguridad se apoyan en la <strong>Mejora Continua<\/strong> tanto de la prestaci\u00f3n de nuestro servicio, como de la eficacia del Sistema de Gesti\u00f3n en el que prevenir los errores sea un aspecto fundamental.<\/li><li>Implantaci\u00f3n de unas <strong>buenas pr\u00e1cticas en el trabajo<\/strong> para garantizar la seguridad alimentaria de las mercanc\u00edas que transportamos y almacenamos. &nbsp;<\/li><li>M\u00e1xima atenci\u00f3n a la <strong>evoluci\u00f3n tecnol\u00f3gica<\/strong> y a las posibles mejoras que nuevos desarrollos pusieran a nuestra disposici\u00f3n para mejorar nuestro servicio de cara a la garantizar la seguridad del producto transportado\/almacenado.<\/li><li>Mejorar la sostenibilidad de nuestra actividad. Ya que <strong>FROZEN LOGISTICS<\/strong> es consciente de su <strong>responsabilidad medioambiental<\/strong> como empresa de transporte\/almacenamiento.<\/li><\/ul>\n\n\n\n<p>La Calidad y seguridad del producto requiere de la participaci\u00f3n y colaboraci\u00f3n de todos por lo que esta Pol\u00edtica es difundida a todo el personal de la empresa y colaboradores para su conocimiento y comprensi\u00f3n, ya que para la aplicaci\u00f3n efectiva de estos principios es necesario el apoyo de todos incluyendo el equipo directivo.<\/p>\n\n\n\n<p>Gerente FROZEN LOGISTIC S.L.&nbsp;&nbsp;&nbsp;&nbsp;&nbsp;&nbsp;&nbsp;&nbsp;&nbsp;&nbsp;&nbsp;&nbsp;&nbsp;&nbsp;&nbsp;&nbsp;&nbsp;&nbsp;&nbsp;&nbsp;&nbsp;&nbsp;&nbsp;&nbsp;&nbsp;&nbsp;&nbsp;&nbsp;&nbsp;&nbsp;&nbsp;&nbsp;&nbsp;&nbsp;&nbsp;&nbsp;&nbsp;&nbsp;&nbsp;&nbsp;&nbsp;&nbsp;&nbsp;&nbsp;&nbsp;&nbsp;&nbsp;&nbsp;&nbsp;&nbsp;&nbsp;&nbsp;&nbsp;&nbsp;&nbsp;&nbsp;&nbsp;&nbsp;&nbsp;&nbsp;&nbsp;&nbsp;&nbsp;&nbsp;&nbsp;&nbsp;&nbsp;&nbsp;&nbsp;&nbsp;&nbsp;&nbsp;&nbsp;&nbsp; &nbsp;&nbsp;&nbsp;&nbsp;&nbsp;&nbsp;&nbsp;&nbsp;&nbsp;&nbsp;&nbsp;&nbsp;&nbsp;&nbsp;&nbsp;&nbsp;&nbsp;<\/p>\n\n\n\n<p>En M\u00e1laga a 16 de mayo de 2022<\/p>\n","protected":false},"excerpt":{"rendered":"<p>FROZEN LOGISTIC S.L. es una empresa dedicadaal \u201cTransporte por carretera y almacenamiento de productos alimenticios a temperatura controlada\u201d, como empresa, ponemos a disposici\u00f3n de nuestros clientes nuestra amplia experiencia e &#8230;<\/p>\n","protected":false},"author":1,"featured_media":0,"parent":0,"menu_order":0,"comment_status":"closed","ping_status":"closed","template":"","meta":{"footnotes":""},"class_list":["post-1590","page","type-page","status-publish","hentry"],"_links":{"self":[{"href":"https:\/\/www.frozenlogistic.com\/index.php?rest_route=\/wp\/v2\/pages\/1590","targetHints":{"allow":["GET"]}}],"collection":[{"href":"https:\/\/www.frozenlogistic.com\/index.php?rest_route=\/wp\/v2\/pages"}],"about":[{"href":"https:\/\/www.frozenlogistic.com\/index.php?rest_route=\/wp\/v2\/types\/page"}],"author":[{"embeddable":true,"href":"https:\/\/www.frozenlogistic.com\/index.php?rest_route=\/wp\/v2\/users\/1"}],"replies":[{"embeddable":true,"href":"https:\/\/www.frozenlogistic.com\/index.php?rest_route=%2Fwp%2Fv2%2Fcomments&post=1590"}],"version-history":[{"count":1,"href":"https:\/\/www.frozenlogistic.com\/index.php?rest_route=\/wp\/v2\/pages\/1590\/revisions"}],"predecessor-version":[{"id":1592,"href":"https:\/\/www.frozenlogistic.com\/index.php?rest_route=\/wp\/v2\/pages\/1590\/revisions\/1592"}],"wp:attachment":[{"href":"https:\/\/www.frozenlogistic.com\/index.php?rest_route=%2Fwp%2Fv2%2Fmedia&parent=1590"}],"curies":[{"name":"wp","href":"https:\/\/api.w.org\/{rel}","templated":true}]}}